{"id":126,"date":"2025-03-02T20:16:57","date_gmt":"2025-03-02T19:16:57","guid":{"rendered":"https:\/\/perceptionphotographique.fr\/?page_id=126"},"modified":"2025-03-09T19:28:21","modified_gmt":"2025-03-09T18:28:21","slug":"prestations","status":"publish","type":"page","link":"https:\/\/perceptionphotographique.fr\/index.php\/prestations\/","title":{"rendered":"PRESTATIONS MARIAGE"},"content":{"rendered":"\t\t<div data-elementor-type=\"wp-page\" data-elementor-id=\"126\" class=\"elementor elementor-126\">\n\t\t\t\t<div class=\"elementor-element elementor-element-97f62be e-flex e-con-boxed e-con e-parent\" data-id=\"97f62be\" data-element_type=\"container\">\n\t\t\t\t\t<div class=\"e-con-inner\">\n\t\t\t\t<div class=\"elementor-element elementor-element-2fbe7d4 elementor-widget elementor-widget-image\" data-id=\"2fbe7d4\" data-element_type=\"widget\" data-widget_type=\"image.default\">\n\t\t\t\t<div class=\"elementor-widget-container\">\n\t\t\t\t\t\t\t\t\t\t\t\t\t\t\t<img fetchpriority=\"high\" decoding=\"async\" width=\"2048\" height=\"1367\" src=\"https:\/\/perceptionphotographique.fr\/wp-content\/uploads\/2025\/03\/GCR_9165.jpg\" class=\"attachment-2048x2048 size-2048x2048 wp-image-103\" alt=\"\" srcset=\"https:\/\/perceptionphotographique.fr\/wp-content\/uploads\/2025\/03\/GCR_9165.jpg 2048w, https:\/\/perceptionphotographique.fr\/wp-content\/uploads\/2025\/03\/GCR_9165-300x200.jpg 300w, https:\/\/perceptionphotographique.fr\/wp-content\/uploads\/2025\/03\/GCR_9165-1024x684.jpg 1024w, https:\/\/perceptionphotographique.fr\/wp-content\/uploads\/2025\/03\/GCR_9165-768x513.jpg 768w, https:\/\/perceptionphotographique.fr\/wp-content\/uploads\/2025\/03\/GCR_9165-1536x1025.jpg 1536w\" sizes=\"(max-width: 2048px) 100vw, 2048px\" \/>\t\t\t\t\t\t\t\t\t\t\t\t\t\t\t<\/div>\n\t\t\t\t<\/div>\n\t\t\t\t\t<\/div>\n\t\t\t\t<\/div>\n\t\t<div class=\"elementor-element elementor-element-48534a6 e-con-full e-flex e-con e-parent\" data-id=\"48534a6\" data-element_type=\"container\">\n\t\t<div class=\"elementor-element elementor-element-c2aa0f9 e-con-full e-flex e-con e-child\" data-id=\"c2aa0f9\" data-element_type=\"container\">\n\t\t\t\t<div class=\"elementor-element elementor-element-e5f31af elementor-widget elementor-widget-heading\" data-id=\"e5f31af\" data-element_type=\"widget\" data-widget_type=\"heading.default\">\n\t\t\t\t<div class=\"elementor-widget-container\">\n\t\t\t\t\t<h3 class=\"elementor-heading-title elementor-size-default\">JOURN\u00c9E PARADISIAQUE<\/h3>\t\t\t\t<\/div>\n\t\t\t\t<\/div>\n\t\t\t\t<div class=\"elementor-element elementor-element-c37cd38 elementor-widget elementor-widget-text-editor\" data-id=\"c37cd38\" data-element_type=\"widget\" data-widget_type=\"text-editor.default\">\n\t\t\t\t<div class=\"elementor-widget-container\">\n\t\t\t\t\t\t\t\t\t<p><b>\u00a0\u2022 s\u00e9ance photo engagement avant le mariage<\/b><\/p><p><b>\u00a0\u2022 des pr\u00e9paratifs \u00e0 la soir\u00e9e (jusqu&#8217;\u00e0 minuit)<\/b><\/p><p><b>\u00a0\u2022 galerie compl\u00e8te des photos retouch\u00e9es finement\u00a0<\/b><\/p><p><b>\u00a0\u2022 selection de 20 photos finales<\/b><\/p><p><b>\u00a0\u2022 frais kilom\u00e9triques compris dans les Hauts de France<\/b><\/p>\t\t\t\t\t\t\t\t<\/div>\n\t\t\t\t<\/div>\n\t\t\t\t<div class=\"elementor-element elementor-element-bb202f9 elementor-widget elementor-widget-heading\" data-id=\"bb202f9\" data-element_type=\"widget\" data-widget_type=\"heading.default\">\n\t\t\t\t<div class=\"elementor-widget-container\">\n\t\t\t\t\t<h3 class=\"elementor-heading-title elementor-size-default\">1 400 \u20ac<\/h3>\t\t\t\t<\/div>\n\t\t\t\t<\/div>\n\t\t\t\t<\/div>\n\t\t<div class=\"elementor-element elementor-element-57d939b e-con-full e-flex e-con e-child\" data-id=\"57d939b\" data-element_type=\"container\">\n\t\t\t\t<div class=\"elementor-element elementor-element-1824020 elementor-widget elementor-widget-heading\" data-id=\"1824020\" data-element_type=\"widget\" data-widget_type=\"heading.default\">\n\t\t\t\t<div class=\"elementor-widget-container\">\n\t\t\t\t\t<h3 class=\"elementor-heading-title elementor-size-default\">JOURN\u00c9E D'AMOUR<\/h3>\t\t\t\t<\/div>\n\t\t\t\t<\/div>\n\t\t\t\t<div class=\"elementor-element elementor-element-8e817ca elementor-widget elementor-widget-text-editor\" data-id=\"8e817ca\" data-element_type=\"widget\" data-widget_type=\"text-editor.default\">\n\t\t\t\t<div class=\"elementor-widget-container\">\n\t\t\t\t\t\t\t\t\t<p><b>\u00a0\u2022 prestation de la mairie au vin d&#8217;horeur<\/b><\/p><p><b>\u00a0\u2022 galerie compl\u00e8te des photos retouch\u00e9es finement\u00a0<\/b><\/p><p><b>\u00a0\u2022 s\u00e9lection de 15 photos finales<\/b><\/p><p><b>\u00a0\u2022 frais kilom\u00e9triques compris dans les Hauts de France<\/b><\/p>\t\t\t\t\t\t\t\t<\/div>\n\t\t\t\t<\/div>\n\t\t\t\t<div class=\"elementor-element elementor-element-4a47d30 elementor-widget elementor-widget-heading\" data-id=\"4a47d30\" data-element_type=\"widget\" data-widget_type=\"heading.default\">\n\t\t\t\t<div class=\"elementor-widget-container\">\n\t\t\t\t\t<h3 class=\"elementor-heading-title elementor-size-default\">1 000 \u20ac<\/h3>\t\t\t\t<\/div>\n\t\t\t\t<\/div>\n\t\t\t\t<\/div>\n\t\t<div class=\"elementor-element elementor-element-cb3bceb e-con-full e-flex e-con e-child\" data-id=\"cb3bceb\" data-element_type=\"container\">\n\t\t\t\t<div class=\"elementor-element elementor-element-1ba6543 elementor-widget elementor-widget-heading\" data-id=\"1ba6543\" data-element_type=\"widget\" data-widget_type=\"heading.default\">\n\t\t\t\t<div class=\"elementor-widget-container\">\n\t\t\t\t\t<h3 class=\"elementor-heading-title elementor-size-default\">JOURN\u00c9E DE BONHEUR<\/h3>\t\t\t\t<\/div>\n\t\t\t\t<\/div>\n\t\t\t\t<div class=\"elementor-element elementor-element-e6bc495 elementor-widget elementor-widget-text-editor\" data-id=\"e6bc495\" data-element_type=\"widget\" data-widget_type=\"text-editor.default\">\n\t\t\t\t<div class=\"elementor-widget-container\">\n\t\t\t\t\t\t\t\t\t<p><b>\u00a0\u2022 prestation de la mairie et \u00e9glise si souhait\u00e9e jusqu&#8217;aux photos de couple, famille,..<\/b><\/p><p><b>\u00a0\u2022 galerie compl\u00e8te des photos retouch\u00e9es finement\u00a0<\/b><\/p><p><b>\u00a0\u2022 s\u00e9lection de 10 photos finales<\/b><\/p><p><b>\u00a0\u2022 frais kilom\u00e9triques compris dans la r\u00e9gion Lilloise<\/b><\/p>\t\t\t\t\t\t\t\t<\/div>\n\t\t\t\t<\/div>\n\t\t\t\t<div class=\"elementor-element elementor-element-84a5547 elementor-widget elementor-widget-heading\" data-id=\"84a5547\" data-element_type=\"widget\" data-widget_type=\"heading.default\">\n\t\t\t\t<div class=\"elementor-widget-container\">\n\t\t\t\t\t<h3 class=\"elementor-heading-title elementor-size-default\">700 \u20ac<\/h3>\t\t\t\t<\/div>\n\t\t\t\t<\/div>\n\t\t\t\t<\/div>\n\t\t\t\t<\/div>\n\t\t\t\t<\/div>\n\t\t","protected":false},"excerpt":{"rendered":"<p>JOURN\u00c9E PARADISIAQUE \u00a0\u2022 s\u00e9ance photo engagement avant le mariage \u00a0\u2022 des pr\u00e9paratifs \u00e0 la soir\u00e9e (jusqu&#8217;\u00e0 minuit) \u00a0\u2022 galerie compl\u00e8te des photos retouch\u00e9es finement\u00a0 \u00a0\u2022 selection de 20 photos finales \u00a0\u2022 frais kilom\u00e9triques compris dans les Hauts de France 1 400 \u20ac JOURN\u00c9E D&#8217;AMOUR \u00a0\u2022 prestation de la mairie au vin d&#8217;horeur \u00a0\u2022 galerie compl\u00e8te [&hellip;]<\/p>\n","protected":false},"author":1,"featured_media":0,"parent":0,"menu_order":0,"comment_status":"closed","ping_status":"closed","template":"","meta":{"footnotes":""},"class_list":["post-126","page","type-page","status-publish","hentry"],"_links":{"self":[{"href":"https:\/\/perceptionphotographique.fr\/index.php\/wp-json\/wp\/v2\/pages\/126","targetHints":{"allow":["GET"]}}],"collection":[{"href":"https:\/\/perceptionphotographique.fr\/index.php\/wp-json\/wp\/v2\/pages"}],"about":[{"href":"https:\/\/perceptionphotographique.fr\/index.php\/wp-json\/wp\/v2\/types\/page"}],"author":[{"embeddable":true,"href":"https:\/\/perceptionphotographique.fr\/index.php\/wp-json\/wp\/v2\/users\/1"}],"replies":[{"embeddable":true,"href":"https:\/\/perceptionphotographique.fr\/index.php\/wp-json\/wp\/v2\/comments?post=126"}],"version-history":[{"count":20,"href":"https:\/\/perceptionphotographique.fr\/index.php\/wp-json\/wp\/v2\/pages\/126\/revisions"}],"predecessor-version":[{"id":148,"href":"https:\/\/perceptionphotographique.fr\/index.php\/wp-json\/wp\/v2\/pages\/126\/revisions\/148"}],"wp:attachment":[{"href":"https:\/\/perceptionphotographique.fr\/index.php\/wp-json\/wp\/v2\/media?parent=126"}],"curies":[{"name":"wp","href":"https:\/\/api.w.org\/{rel}","templated":true}]}}